{"id":2,"date":"2023-12-28T11:56:57","date_gmt":"2023-12-28T10:56:57","guid":{"rendered":"https:\/\/dg-dienstleistungsservice.de\/homepage\/?page_id=2"},"modified":"2024-01-23T08:53:05","modified_gmt":"2024-01-23T07:53:05","slug":"startseite","status":"publish","type":"page","link":"https:\/\/dg-dienstleistungsservice.de\/","title":{"rendered":"Willkommen &#8230;"},"content":{"rendered":"\t\t<div data-elementor-type=\"wp-page\" data-elementor-id=\"2\" class=\"elementor elementor-2\">\n\t\t\t\t<div class=\"elementor-element elementor-element-6d8349cb e-flex e-con-boxed e-con e-parent\" data-id=\"6d8349cb\" data-element_type=\"container\">\n\t\t\t\t\t<div class=\"e-con-inner\">\n\t\t\t\t<div class=\"elementor-element elementor-element-5f58568b elementor-widget elementor-widget-text-editor\" data-id=\"5f58568b\" data-element_type=\"widget\" data-widget_type=\"text-editor.default\">\n\t\t\t\t<div class=\"elementor-widget-container\">\n\t\t\t<style>\/*! elementor - v3.21.0 - 08-05-2024 *\/\n.elementor-widget-text-editor.elementor-drop-cap-view-stacked .elementor-drop-cap{background-color:#69727d;color:#fff}.elementor-widget-text-editor.elementor-drop-cap-view-framed .elementor-drop-cap{color:#69727d;border:3px solid;background-color:transparent}.elementor-widget-text-editor:not(.elementor-drop-cap-view-default) .elementor-drop-cap{margin-top:8px}.elementor-widget-text-editor:not(.elementor-drop-cap-view-default) .elementor-drop-cap-letter{width:1em;height:1em}.elementor-widget-text-editor .elementor-drop-cap{float:left;text-align:center;line-height:1;font-size:50px}.elementor-widget-text-editor .elementor-drop-cap-letter{display:inline-block}<\/style>\t\t\t\t<p><!-- wp:paragraph --><\/p>\n<p>&#8230; auf meiner kleinen Homepage.<\/p>\n<p><!-- \/wp:paragraph --><!-- wp:paragraph --><\/p>\n<p>Diese Seite soll als Visitenkarte, als Informationsportal sowie Kommunikationsm\u00f6glichkeit dienen.<\/p>\n<p><!-- \/wp:paragraph --><!-- wp:quote --><\/p>\n<blockquote>\n<p><!-- wp:paragraph --><\/p>\n<p>Folgende Dienstleistungen biete ich aktuell an:<\/p>\n<p><!-- \/wp:paragraph --><!-- wp:paragraph --><\/p>\n<ul>\n<li>Gartenarbeiten<\/li>\n<li>Haushaltsaufl\u00f6sungen<\/li>\n<li>Aufr\u00e4umarbeiten<\/li>\n<li>Entr\u00fcmpelungen<\/li>\n<li>Kleine Reparaturarbeiten<\/li>\n<li>Renovierungsvorarbeiten<\/li>\n<li>Kleintransporte<\/li>\n<\/ul>\n<p><!-- \/wp:paragraph --><\/p>\n<\/blockquote>\n<p><!-- \/wp:quote --><!-- wp:paragraph --><\/p>\n<p>Weiteres auf Anfrage.<\/p><p><br><\/p>\n<p>Folgendes wurde auf Wunsch von Kunden bereits durchgef\u00fchrt.<\/p>\n<p><!-- \/wp:paragraph --><!-- wp:quote --><\/p>\n<blockquote>\n<p><!-- wp:paragraph --><\/p>\n<p>Ausbesserungsarbeiten in Form von:<\/p>\n<ul>\n<li>Streicharbeiten<\/li>\n<li>Lackierarbeiten<\/li>\n<li>Trockenbau<\/li>\n<\/ul>\n<p><!-- \/wp:paragraph --><\/p>\n<\/blockquote>\n<p><!-- \/wp:quote --><!-- wp:paragraph --><\/p>\n<p><br><\/p><p>Positiv wurden auch Arbeiten wie folg von unseren Kunden angenommen.<\/p>\n<p><!-- \/wp:paragraph --><\/p>\n<p><!-- wp:quote --><\/p>\n<blockquote>\n<p><!-- wp:paragraph --><\/p>\n<p>Ausbesserungsarbeiten von Fu\u00dfb\u00f6den wie:<\/p>\n<ul>\n<li>Klick-Vinyl<\/li>\n<li>Klick-Laminat<\/li>\n<\/ul>\n<p>passend dazu<\/p>\n<ul>\n<li>Sockelleisten<\/li>\n<li>\u00dcbergangsleisten<\/li>\n<\/ul>\n<p><!-- \/wp:paragraph --><\/p>\n<\/blockquote>\n<p><!-- \/wp:quote --><\/p>\n<p><!-- wp:paragraph --><\/p>\n<p><br><\/p><p>Wenn Sie Jemanden suchen der f\u00fcr Sie solche oder \u00e4hnliche Arbeiten durchf\u00fchren soll, dann w\u00fcrde ich mich freuen von Ihnen zu h\u00f6ren.<\/p>\n<p>Ihr Daniel Gernert.<\/p>\n<p><!-- \/wp:paragraph --><\/p>\t\t\t\t\t\t<\/div>\n\t\t\t\t<\/div>\n\t\t\t\t\t<\/div>\n\t\t\t\t<\/div>\n\t\t\t\t<\/div>\n\t\t","protected":false},"excerpt":{"rendered":"<p>&#8230; auf meiner kleinen Homepage. Diese Seite soll als Visitenkarte, als Informationsportal sowie Kommunikationsm\u00f6glichkeit dienen. Folgende Dienstleistungen biete ich aktuell an: Gartenarbeiten Haushaltsaufl\u00f6sungen Aufr\u00e4umarbeiten Entr\u00fcmpelungen Kleine Reparaturarbeiten Renovierungsvorarbeiten Kleintransporte Weiteres auf Anfrage. Folgendes wurde auf Wunsch von Kunden bereits durchgef\u00fchrt. Ausbesserungsarbeiten in Form von: Streicharbeiten Lackierarbeiten Trockenbau Positiv wurden auch Arbeiten wie folg von unseren [&hellip;]<\/p>\n","protected":false},"author":1,"featured_media":0,"parent":0,"menu_order":0,"comment_status":"closed","ping_status":"closed","template":"","meta":{"footnotes":""},"_links":{"self":[{"href":"https:\/\/dg-dienstleistungsservice.de\/index.php\/wp-json\/wp\/v2\/pages\/2"}],"collection":[{"href":"https:\/\/dg-dienstleistungsservice.de\/index.php\/wp-json\/wp\/v2\/pages"}],"about":[{"href":"https:\/\/dg-dienstleistungsservice.de\/index.php\/wp-json\/wp\/v2\/types\/page"}],"author":[{"embeddable":true,"href":"https:\/\/dg-dienstleistungsservice.de\/index.php\/wp-json\/wp\/v2\/users\/1"}],"replies":[{"embeddable":true,"href":"https:\/\/dg-dienstleistungsservice.de\/index.php\/wp-json\/wp\/v2\/comments?post=2"}],"version-history":[{"count":32,"href":"https:\/\/dg-dienstleistungsservice.de\/index.php\/wp-json\/wp\/v2\/pages\/2\/revisions"}],"predecessor-version":[{"id":149,"href":"https:\/\/dg-dienstleistungsservice.de\/index.php\/wp-json\/wp\/v2\/pages\/2\/revisions\/149"}],"wp:attachment":[{"href":"https:\/\/dg-dienstleistungsservice.de\/index.php\/wp-json\/wp\/v2\/media?parent=2"}],"curies":[{"name":"wp","href":"https:\/\/api.w.org\/{rel}","templated":true}]}}