{"id":46,"date":"2023-12-28T14:47:35","date_gmt":"2023-12-28T13:47:35","guid":{"rendered":"https:\/\/dg-dienstleistungsservice.de\/homepage\/?page_id=46"},"modified":"2024-02-05T18:26:38","modified_gmt":"2024-02-05T17:26:38","slug":"impressum","status":"publish","type":"page","link":"https:\/\/dg-dienstleistungsservice.de\/index.php\/impressum\/","title":{"rendered":"Impressum"},"content":{"rendered":"\t\t<div data-elementor-type=\"wp-page\" data-elementor-id=\"46\" class=\"elementor elementor-46\">\n\t\t\t\t<div class=\"elementor-element elementor-element-4a8e6f4 e-flex e-con-boxed e-con e-parent\" data-id=\"4a8e6f4\" data-element_type=\"container\">\n\t\t\t\t\t<div class=\"e-con-inner\">\n\t\t\t\t<div class=\"elementor-element elementor-element-71153de elementor-widget elementor-widget-text-editor\" data-id=\"71153de\" data-element_type=\"widget\" data-widget_type=\"text-editor.default\">\n\t\t\t\t<div class=\"elementor-widget-container\">\n\t\t\t<style>\/*! elementor - v3.21.0 - 08-05-2024 *\/\n.elementor-widget-text-editor.elementor-drop-cap-view-stacked .elementor-drop-cap{background-color:#69727d;color:#fff}.elementor-widget-text-editor.elementor-drop-cap-view-framed .elementor-drop-cap{color:#69727d;border:3px solid;background-color:transparent}.elementor-widget-text-editor:not(.elementor-drop-cap-view-default) .elementor-drop-cap{margin-top:8px}.elementor-widget-text-editor:not(.elementor-drop-cap-view-default) .elementor-drop-cap-letter{width:1em;height:1em}.elementor-widget-text-editor .elementor-drop-cap{float:left;text-align:center;line-height:1;font-size:50px}.elementor-widget-text-editor .elementor-drop-cap-letter{display:inline-block}<\/style>\t\t\t\t<p class=\"mainText\">DG &#8211; Dienstleistungs-Service<\/p><p>Daniel Gernert- Einzelunternehmer<br \/>Kirchstrasse 25a<br \/>58642 Iserlohn<\/p><table border=\"0\" width=\"100%\" cellspacing=\"0\" cellpadding=\"0\"><tbody><tr><td width=\"20%\">Telefon:<\/td><td width=\"80%\">02374 &#8211; 502630<\/td><\/tr><tr><td width=\"20%\">Telefax:<\/td><td width=\"80%\">02374 &#8211; 502631<\/td><\/tr><tr><td width=\"20%\">Mobil:<\/td><td width=\"80%\">0171 &#8211; 47 345 18<\/td><\/tr><tr><td width=\"20%\">E-Mail:<\/td><td width=\"80%\">info (at) dg-dienstleistungsservice.de<\/td><\/tr><\/tbody><\/table><p>U-St-ID. DE204602144<\/p><p>St-ID. 328\/5905\/2183<\/p><p>Firmensitz ist in Iserlohn<\/p><p class=\"Stil1\">Rechtshinweis<\/p><p>F\u00fcr alle Darstellungen auf dieser Webseite besteht Urheberechtsschutz. Der Benutzer nimmt zustimmend zur Kenntnis, dass sowohl die Software dieser Webseite als auch alle damit in Zusammenhang stehenden Verwendungsm\u00f6glichkeiten urheberechtlich gesch\u00fctzt sind. Der Schutz des Urheberechts umfasst die Gestaltung, den Inhalt und die Struktur der Webseite sowie alle sich daraus ergebenden Verwendungs-, Ver\u00e4nderungs- sowie Vervielf\u00e4ltigungsm\u00f6glichkeiten, welcher Art immer.<\/p><p>Jede Verwendung, Nachbildung, Abbildung, Vervielf\u00e4ltigung, Ver\u00e4nderung etc. der hier dargestellten Informationen oder Daten, Bilder oder Teile davon bedarf der ausdr\u00fccklichen Zustimmung von DG &#8211; Dienstleistungs-Service.<\/p><p class=\"Stil1\">Haftungshinweis<\/p><p>Trotz sorgf\u00e4ltiger inhaltlicher Kontrolle \u00fcbernehmen wir keine Haftung f\u00fcr die Inhalte externer Links. F\u00fcr den Inhalt der verlinkten Seiten sind ausschlie\u00dflich deren Betreiber verantwortlich.<\/p>\t\t\t\t\t\t<\/div>\n\t\t\t\t<\/div>\n\t\t\t\t\t<\/div>\n\t\t\t\t<\/div>\n\t\t\t\t<\/div>\n\t\t","protected":false},"excerpt":{"rendered":"<p>DG &#8211; Dienstleistungs-Service Daniel Gernert- EinzelunternehmerKirchstrasse 25a58642 Iserlohn Telefon: 02374 &#8211; 502630 Telefax: 02374 &#8211; 502631 Mobil: 0171 &#8211; 47 345 18 E-Mail: info (at) dg-dienstleistungsservice.de U-St-ID. DE204602144 St-ID. 328\/5905\/2183 Firmensitz ist in Iserlohn Rechtshinweis F\u00fcr alle Darstellungen auf dieser Webseite besteht Urheberechtsschutz. Der Benutzer nimmt zustimmend zur Kenntnis, dass sowohl die Software dieser Webseite [&hellip;]<\/p>\n","protected":false},"author":1,"featured_media":0,"parent":0,"menu_order":0,"comment_status":"closed","ping_status":"closed","template":"","meta":{"footnotes":""},"_links":{"self":[{"href":"https:\/\/dg-dienstleistungsservice.de\/index.php\/wp-json\/wp\/v2\/pages\/46"}],"collection":[{"href":"https:\/\/dg-dienstleistungsservice.de\/index.php\/wp-json\/wp\/v2\/pages"}],"about":[{"href":"https:\/\/dg-dienstleistungsservice.de\/index.php\/wp-json\/wp\/v2\/types\/page"}],"author":[{"embeddable":true,"href":"https:\/\/dg-dienstleistungsservice.de\/index.php\/wp-json\/wp\/v2\/users\/1"}],"replies":[{"embeddable":true,"href":"https:\/\/dg-dienstleistungsservice.de\/index.php\/wp-json\/wp\/v2\/comments?post=46"}],"version-history":[{"count":16,"href":"https:\/\/dg-dienstleistungsservice.de\/index.php\/wp-json\/wp\/v2\/pages\/46\/revisions"}],"predecessor-version":[{"id":154,"href":"https:\/\/dg-dienstleistungsservice.de\/index.php\/wp-json\/wp\/v2\/pages\/46\/revisions\/154"}],"wp:attachment":[{"href":"https:\/\/dg-dienstleistungsservice.de\/index.php\/wp-json\/wp\/v2\/media?parent=46"}],"curies":[{"name":"wp","href":"https:\/\/api.w.org\/{rel}","templated":true}]}}